{"id":42,"date":"2014-02-17T14:18:05","date_gmt":"2014-02-17T14:18:05","guid":{"rendered":"http:\/\/demo.themegrill.com\/radiate\/?page_id=42"},"modified":"2022-07-11T20:30:59","modified_gmt":"2022-07-11T20:30:59","slug":"parallax-header","status":"publish","type":"page","link":"https:\/\/sailingokeanos.com\/?page_id=42","title":{"rendered":"CREW"},"content":{"rendered":"\n<p><strong>\u00dcber uns..<\/strong><\/p>\n\n\n\n<p>Seit \u00fcber zwanzig Jahren gehen wir gemeinsam durchs Leben. Durch Corona fanden wir die Zeit uns \u00fcber die n\u00e4chsten Jahre Gedanken zu machen.<\/p>\n\n\n\n<p>Was wollen wir gemeinsam noch erreichen\/tun?<\/p>\n\n\n\n<p>Dabei festigte sich der Traum einer langen Segelreise zu zweit. Ist so etwas realistisch?<br>Je mehr wir uns damit besch\u00e4ftigten, desto mehr kamen wir zum Entschluss. \u201eYES\u201c und so entwickelte sich unsere abstrakte Idee immer mehr zu einer sehr greifbaren Realit\u00e4t. <\/p>\n\n\n\n<p>Seid vielen Jahren teilen wir die Begeisterung f\u00fcrs Segeln, die &nbsp;Zeit an Bord und das Reisen mit dem Rucksack und\/oder dem Schiff.<\/p>\n\n\n\n<p>Weiter stehen wir beide auch f\u00fcr \u2026<br>Dinge einfach zu tun, statt nur dar\u00fcber zu reden &#8211; mit Mut gehen die sch\u00f6nsten Geschichten los &#8211; so haben wir uns vor langer Zeit kennengelernt und Ute packte bereits nach 9 Monaten alles zusammen und zog an den Bodensee.<\/p>\n\n\n\n<div class=\"wp-block-media-text alignwide is-stacked-on-mobile\" style=\"grid-template-columns:25% auto\"><figure class=\"wp-block-media-text__media\"><img loading=\"lazy\" decoding=\"async\" width=\"576\" height=\"1024\" src=\"https:\/\/sailingokeanos.com\/wp-content\/uploads\/2022\/06\/20210821_103713-2-576x1024.jpg\" alt=\"\" class=\"wp-image-430 size-full\" srcset=\"https:\/\/sailingokeanos.com\/wp-content\/uploads\/2022\/06\/20210821_103713-2-576x1024.jpg 576w, https:\/\/sailingokeanos.com\/wp-content\/uploads\/2022\/06\/20210821_103713-2-169x300.jpg 169w, https:\/\/sailingokeanos.com\/wp-content\/uploads\/2022\/06\/20210821_103713-2-768x1366.jpg 768w, https:\/\/sailingokeanos.com\/wp-content\/uploads\/2022\/06\/20210821_103713-2-864x1536.jpg 864w, https:\/\/sailingokeanos.com\/wp-content\/uploads\/2022\/06\/20210821_103713-2.jpg 906w\" sizes=\"auto, (max-width: 576px) 100vw, 576px\" \/><\/figure><div class=\"wp-block-media-text__content\">\n<p style=\"font-size:36px;line-height:1.2\"><strong>Ute<\/strong><\/p>\n\n\n\n<p class=\"has-extra-small-font-size\">Als stolze Fr\u00e4nkin lebe ich seit vielen Jahren in Bayern am Bodensee und freue ich mich nun auf Mee(h)rwasser und neue Herausforderungen.  Ich k\u00fcmmere mich an Board um das Wichtigste &#8211; n\u00e4mlich um uns Beide. \ud83d\ude42<\/p>\n<\/div><\/div>\n\n\n\n<div class=\"wp-block-media-text alignwide has-media-on-the-right is-stacked-on-mobile\" style=\"grid-template-columns:auto 29%\"><figure class=\"wp-block-media-text__media\"><img loading=\"lazy\" decoding=\"async\" width=\"768\" height=\"1024\" src=\"https:\/\/sailingokeanos.com\/wp-content\/uploads\/2022\/06\/IMG_2304-Kopie-768x1024.jpg\" alt=\"\" class=\"wp-image-428 size-full\" srcset=\"https:\/\/sailingokeanos.com\/wp-content\/uploads\/2022\/06\/IMG_2304-Kopie-768x1024.jpg 768w, https:\/\/sailingokeanos.com\/wp-content\/uploads\/2022\/06\/IMG_2304-Kopie-225x300.jpg 225w, https:\/\/sailingokeanos.com\/wp-content\/uploads\/2022\/06\/IMG_2304-Kopie-1152x1536.jpg 1152w, https:\/\/sailingokeanos.com\/wp-content\/uploads\/2022\/06\/IMG_2304-Kopie.jpg 1536w\" sizes=\"auto, (max-width: 768px) 100vw, 768px\" \/><\/figure><div class=\"wp-block-media-text__content\">\n<p style=\"font-size:36px;line-height:1.2\"><strong>Markus<\/strong><\/p>\n\n\n\n<p class=\"has-extra-small-font-size\">Ich habe mich entschieden, nach \u00fcber 30 Jahren im Beruf und Karriere eine Pause zu machen und stattdessen den Sprung auf das eigene Schiff zu wagen.<br>Ich freue mich auf die Reise und bin bereit mich kopf\u00fcber in das neue Abenteuer st\u00fcrzen. An Bord werde ich mich vor allem um die Schiffsf\u00fchrung und -instandhaltung k\u00fcmmern.<\/p>\n<\/div><\/div>\n","protected":false},"excerpt":{"rendered":"<p>Wir sind Ute &#038; Markus und machen eine Auszeit unter Segel. <\/p>\n","protected":false},"author":1,"featured_media":456,"parent":0,"menu_order":0,"comment_status":"closed","ping_status":"open","template":"","meta":{"_monsterinsights_skip_tracking":false,"_monsterinsights_sitenote_active":false,"_monsterinsights_sitenote_note":"","_monsterinsights_sitenote_category":0,"footnotes":""},"class_list":["post-42","page","type-page","status-publish","has-post-thumbnail","hentry"],"aioseo_notices":[],"_links":{"self":[{"href":"https:\/\/sailingokeanos.com\/index.php?rest_route=\/wp\/v2\/pages\/42","targetHints":{"allow":["GET"]}}],"collection":[{"href":"https:\/\/sailingokeanos.com\/index.php?rest_route=\/wp\/v2\/pages"}],"about":[{"href":"https:\/\/sailingokeanos.com\/index.php?rest_route=\/wp\/v2\/types\/page"}],"author":[{"embeddable":true,"href":"https:\/\/sailingokeanos.com\/index.php?rest_route=\/wp\/v2\/users\/1"}],"replies":[{"embeddable":true,"href":"https:\/\/sailingokeanos.com\/index.php?rest_route=%2Fwp%2Fv2%2Fcomments&post=42"}],"version-history":[{"count":17,"href":"https:\/\/sailingokeanos.com\/index.php?rest_route=\/wp\/v2\/pages\/42\/revisions"}],"predecessor-version":[{"id":462,"href":"https:\/\/sailingokeanos.com\/index.php?rest_route=\/wp\/v2\/pages\/42\/revisions\/462"}],"wp:featuredmedia":[{"embeddable":true,"href":"https:\/\/sailingokeanos.com\/index.php?rest_route=\/wp\/v2\/media\/456"}],"wp:attachment":[{"href":"https:\/\/sailingokeanos.com\/index.php?rest_route=%2Fwp%2Fv2%2Fmedia&parent=42"}],"curies":[{"name":"wp","href":"https:\/\/api.w.org\/{rel}","templated":true}]}}